{"id":675,"date":"2019-10-15T04:14:19","date_gmt":"2019-10-15T04:14:19","guid":{"rendered":"https:\/\/niche-demo-events.cdn-alpha.com\/?page_id=675"},"modified":"2020-03-20T11:53:35","modified_gmt":"2020-03-20T11:53:35","slug":"accommodation-element","status":"publish","type":"page","link":"https:\/\/nicheaddons.com\/demos\/events\/elements\/accommodation-element\/","title":{"rendered":"Accommodation Element"},"content":{"rendered":"\t\t<div data-elementor-type=\"wp-page\" data-elementor-id=\"675\" class=\"elementor elementor-675\">\n\t\t\t\t\t\t<section class=\"elementor-section elementor-top-section elementor-element elementor-element-08a6e2f elementor-section-boxed elementor-section-height-default elementor-section-height-default\" data-id=\"08a6e2f\" data-element_type=\"section\">\n\t\t\t\t\t\t<div class=\"elementor-container elementor-column-gap-default\">\n\t\t\t\t\t<div class=\"elementor-column elementor-col-100 elementor-top-column elementor-element elementor-element-ae811b3\" data-id=\"ae811b3\" data-element_type=\"column\">\n\t\t\t<div class=\"elementor-widget-wrap elementor-element-populated\">\n\t\t\t\t\t\t<div class=\"elementor-element elementor-element-ef559a9 elementor-widget elementor-widget-heading\" data-id=\"ef559a9\" data-element_type=\"widget\" data-widget_type=\"heading.default\">\n\t\t\t\t<div class=\"elementor-widget-container\">\n\t\t\t\t\t<h2 class=\"elementor-heading-title elementor-size-default\">Style One<\/h2>\t\t\t\t<\/div>\n\t\t\t\t<\/div>\n\t\t\t\t\t<\/div>\n\t\t<\/div>\n\t\t\t\t\t<\/div>\n\t\t<\/section>\n\t\t\t\t<section class=\"elementor-section elementor-top-section elementor-element elementor-element-e3c74c7 elementor-section-boxed elementor-section-height-default elementor-section-height-default\" data-id=\"e3c74c7\" data-element_type=\"section\">\n\t\t\t\t\t\t<div class=\"elementor-container elementor-column-gap-default\">\n\t\t\t\t\t<div class=\"elementor-column elementor-col-50 elementor-top-column elementor-element elementor-element-a009846\" data-id=\"a009846\" data-element_type=\"column\">\n\t\t\t<div class=\"elementor-widget-wrap elementor-element-populated\">\n\t\t\t\t\t\t<div class=\"elementor-element elementor-element-0ad8ca9 elementor-widget elementor-widget-naevents_unique_accommodation\" data-id=\"0ad8ca9\" data-element_type=\"widget\" data-settings=\"{&quot;venue_image&quot;:{&quot;url&quot;:&quot;https:\\\/\\\/nicheaddons.com\\\/demos\\\/events\\\/wp-content\\\/uploads\\\/2019\\\/10\\\/venue5.jpg&quot;,&quot;id&quot;:523,&quot;size&quot;:&quot;&quot;}}\" data-widget_type=\"naevents_unique_accommodation.default\">\n\t\t\t\t<div class=\"elementor-widget-container\">\n\t\t\t\t\t<div class=\"naeep-venue-item style-two\">\r\n\t\t\t\t\t\t\t\t\t<div class=\"naeep-image\"><img decoding=\"async\" src=\"https:\/\/nicheaddons.com\/demos\/events\/wp-content\/uploads\/2019\/10\/venue5.jpg\" alt=\"Faena Hotel Miami\"><h5><span class=\"top\"><\/span>$ 123.00<span class=\"bottom\"><\/span><\/h5>\r\n\t\t\t\t\t\t\t\t\t\t<div class=\"venue-info-wrap\">\r\n\t\t\t\t\t\t\t\t\t\t\t<div class=\"naeep-rating\"><i class=\"fa fa-star active\" aria-hidden=\"true\"><\/i><i class=\"fa fa-star active\" aria-hidden=\"true\"><\/i><i class=\"fa fa-star active\" aria-hidden=\"true\"><\/i><i class=\"fa fa-star-o\" aria-hidden=\"true\"><\/i><i class=\"fa fa-star-o\" aria-hidden=\"true\"><\/i><\/div><h3 class=\"venue-title\">Faena Hotel Miami<\/h3><h4><i class=\"fas fa-map-marker-alt\" aria-hidden=\"true\"><\/i> 3201 Collins Avenue, Miami Beach, FL 33140 U.S.A.<\/h4>\r\n\t\t\t\t\t\t\t\t\t\t<\/div>\r\n\t\t\t\t\t\t\t\t\t<\/div>\r\n\t\t\t\t\t\t\t\t<\/div>\t\t\t\t<\/div>\n\t\t\t\t<\/div>\n\t\t\t\t<div class=\"elementor-element elementor-element-2eda130 elementor-widget elementor-widget-naevents_unique_accommodation\" data-id=\"2eda130\" data-element_type=\"widget\" data-settings=\"{&quot;venue_image&quot;:{&quot;url&quot;:&quot;https:\\\/\\\/nicheaddons.com\\\/demos\\\/events\\\/wp-content\\\/uploads\\\/2019\\\/10\\\/venue9.jpg&quot;,&quot;id&quot;:527,&quot;size&quot;:&quot;&quot;}}\" data-widget_type=\"naevents_unique_accommodation.default\">\n\t\t\t\t<div class=\"elementor-widget-container\">\n\t\t\t\t\t<div class=\"naeep-venue-item style-two\">\r\n\t\t\t\t\t\t\t\t\t<div class=\"naeep-image\"><img decoding=\"async\" src=\"https:\/\/nicheaddons.com\/demos\/events\/wp-content\/uploads\/2019\/10\/venue9.jpg\" alt=\"Sonnenalp Hotel\"><h5><span class=\"top\"><\/span>$ 99.00<span class=\"bottom\"><\/span><\/h5>\r\n\t\t\t\t\t\t\t\t\t\t<div class=\"venue-info-wrap\">\r\n\t\t\t\t\t\t\t\t\t\t\t<div class=\"naeep-rating\"><i class=\"fa fa-star active\" aria-hidden=\"true\"><\/i><i class=\"fa fa-star active\" aria-hidden=\"true\"><\/i><i class=\"fa fa-star active\" aria-hidden=\"true\"><\/i><i class=\"fa fa-star-o\" aria-hidden=\"true\"><\/i><i class=\"fa fa-star-o\" aria-hidden=\"true\"><\/i><\/div><h3 class=\"venue-title\">Sonnenalp Hotel<\/h3><h4><i class=\"fas fa-map-marker-alt\" aria-hidden=\"true\"><\/i> 20 Vail Road, Vail, CO 81657<\/h4>\r\n\t\t\t\t\t\t\t\t\t\t<\/div>\r\n\t\t\t\t\t\t\t\t\t<\/div>\r\n\t\t\t\t\t\t\t\t<\/div>\t\t\t\t<\/div>\n\t\t\t\t<\/div>\n\t\t\t\t<div class=\"elementor-element elementor-element-2bf5061 elementor-widget elementor-widget-naevents_unique_accommodation\" data-id=\"2bf5061\" data-element_type=\"widget\" data-settings=\"{&quot;venue_image&quot;:{&quot;url&quot;:&quot;https:\\\/\\\/nicheaddons.com\\\/demos\\\/events\\\/wp-content\\\/uploads\\\/2019\\\/10\\\/venue6.jpg&quot;,&quot;id&quot;:524,&quot;size&quot;:&quot;&quot;}}\" data-widget_type=\"naevents_unique_accommodation.default\">\n\t\t\t\t<div class=\"elementor-widget-container\">\n\t\t\t\t\t<div class=\"naeep-venue-item style-two\">\r\n\t\t\t\t\t\t\t\t\t<div class=\"naeep-image\"><img decoding=\"async\" src=\"https:\/\/nicheaddons.com\/demos\/events\/wp-content\/uploads\/2019\/10\/venue6.jpg\" alt=\"H\u00f4tel Plaza Ath\u00e9n\u00e9e \"><h5><span class=\"top\"><\/span>$ 175.00<span class=\"bottom\"><\/span><\/h5>\r\n\t\t\t\t\t\t\t\t\t\t<div class=\"venue-info-wrap\">\r\n\t\t\t\t\t\t\t\t\t\t\t<div class=\"naeep-rating\"><i class=\"fa fa-star active\" aria-hidden=\"true\"><\/i><i class=\"fa fa-star active\" aria-hidden=\"true\"><\/i><i class=\"fa fa-star active\" aria-hidden=\"true\"><\/i><i class=\"fa fa-star-o\" aria-hidden=\"true\"><\/i><i class=\"fa fa-star-o\" aria-hidden=\"true\"><\/i><\/div><h3 class=\"venue-title\">H\u00f4tel Plaza Ath\u00e9n\u00e9e <\/h3><h4><i class=\"fas fa-map-marker-alt\" aria-hidden=\"true\"><\/i> 37 East 64th Street at Madison Avenue, , Ny<\/h4>\r\n\t\t\t\t\t\t\t\t\t\t<\/div>\r\n\t\t\t\t\t\t\t\t\t<\/div>\r\n\t\t\t\t\t\t\t\t<\/div>\t\t\t\t<\/div>\n\t\t\t\t<\/div>\n\t\t\t\t\t<\/div>\n\t\t<\/div>\n\t\t\t\t<div class=\"elementor-column elementor-col-50 elementor-top-column elementor-element elementor-element-7ecad0f\" data-id=\"7ecad0f\" data-element_type=\"column\">\n\t\t\t<div class=\"elementor-widget-wrap elementor-element-populated\">\n\t\t\t\t\t\t<div class=\"elementor-element elementor-element-1a44b69 elementor-widget elementor-widget-naevents_unique_accommodation\" data-id=\"1a44b69\" data-element_type=\"widget\" data-settings=\"{&quot;venue_image&quot;:{&quot;url&quot;:&quot;https:\\\/\\\/nicheaddons.com\\\/demos\\\/events\\\/wp-content\\\/uploads\\\/2019\\\/10\\\/venue4.jpg&quot;,&quot;id&quot;:522,&quot;size&quot;:&quot;&quot;}}\" data-widget_type=\"naevents_unique_accommodation.default\">\n\t\t\t\t<div class=\"elementor-widget-container\">\n\t\t\t\t\t<div class=\"naeep-venue-item style-two\">\r\n\t\t\t\t\t\t\t\t\t<div class=\"naeep-image\"><img decoding=\"async\" src=\"https:\/\/nicheaddons.com\/demos\/events\/wp-content\/uploads\/2019\/10\/venue4.jpg\" alt=\"The Biltmore Hotel\"><h5><span class=\"top\"><\/span>$ 150.00<span class=\"bottom\"><\/span><\/h5>\r\n\t\t\t\t\t\t\t\t\t\t<div class=\"venue-info-wrap\">\r\n\t\t\t\t\t\t\t\t\t\t\t<div class=\"naeep-rating\"><i class=\"fa fa-star active\" aria-hidden=\"true\"><\/i><i class=\"fa fa-star active\" aria-hidden=\"true\"><\/i><i class=\"fa fa-star active\" aria-hidden=\"true\"><\/i><i class=\"fa fa-star-o\" aria-hidden=\"true\"><\/i><i class=\"fa fa-star-o\" aria-hidden=\"true\"><\/i><\/div><h3 class=\"venue-title\">The Biltmore Hotel<\/h3><h4><i class=\"fas fa-map-marker-alt\" aria-hidden=\"true\"><\/i> 1200 Anastasia Avenue, Coral Gables, FL 33134 U.S.A.<\/h4>\r\n\t\t\t\t\t\t\t\t\t\t<\/div>\r\n\t\t\t\t\t\t\t\t\t<\/div>\r\n\t\t\t\t\t\t\t\t<\/div>\t\t\t\t<\/div>\n\t\t\t\t<\/div>\n\t\t\t\t<div class=\"elementor-element elementor-element-cc0b055 elementor-widget elementor-widget-naevents_unique_accommodation\" data-id=\"cc0b055\" data-element_type=\"widget\" data-settings=\"{&quot;venue_image&quot;:{&quot;url&quot;:&quot;https:\\\/\\\/nicheaddons.com\\\/demos\\\/events\\\/wp-content\\\/uploads\\\/2019\\\/10\\\/venue7.jpg&quot;,&quot;id&quot;:525,&quot;size&quot;:&quot;&quot;}}\" data-widget_type=\"naevents_unique_accommodation.default\">\n\t\t\t\t<div class=\"elementor-widget-container\">\n\t\t\t\t\t<div class=\"naeep-venue-item style-two\">\r\n\t\t\t\t\t\t\t\t\t<div class=\"naeep-image\"><img decoding=\"async\" src=\"https:\/\/nicheaddons.com\/demos\/events\/wp-content\/uploads\/2019\/10\/venue7.jpg\" alt=\"Nobu Hotel Chicago\"><h5><span class=\"top\"><\/span>$ 200.00<span class=\"bottom\"><\/span><\/h5>\r\n\t\t\t\t\t\t\t\t\t\t<div class=\"venue-info-wrap\">\r\n\t\t\t\t\t\t\t\t\t\t\t<div class=\"naeep-rating\"><i class=\"fa fa-star active\" aria-hidden=\"true\"><\/i><i class=\"fa fa-star active\" aria-hidden=\"true\"><\/i><i class=\"fa fa-star active\" aria-hidden=\"true\"><\/i><i class=\"fa fa-star-o\" aria-hidden=\"true\"><\/i><i class=\"fa fa-star-o\" aria-hidden=\"true\"><\/i><\/div><h3 class=\"venue-title\">Nobu Hotel Chicago<\/h3><h4><i class=\"fas fa-map-marker-alt\" aria-hidden=\"true\"><\/i> 854 West Randolph North Peoria West Loop,  IL<\/h4>\r\n\t\t\t\t\t\t\t\t\t\t<\/div>\r\n\t\t\t\t\t\t\t\t\t<\/div>\r\n\t\t\t\t\t\t\t\t<\/div>\t\t\t\t<\/div>\n\t\t\t\t<\/div>\n\t\t\t\t<div class=\"elementor-element elementor-element-4b0c153 elementor-widget elementor-widget-naevents_unique_accommodation\" data-id=\"4b0c153\" data-element_type=\"widget\" data-settings=\"{&quot;venue_image&quot;:{&quot;url&quot;:&quot;https:\\\/\\\/nicheaddons.com\\\/demos\\\/events\\\/wp-content\\\/uploads\\\/2019\\\/10\\\/venue8.jpg&quot;,&quot;id&quot;:526,&quot;size&quot;:&quot;&quot;}}\" data-widget_type=\"naevents_unique_accommodation.default\">\n\t\t\t\t<div class=\"elementor-widget-container\">\n\t\t\t\t\t<div class=\"naeep-venue-item style-two\">\r\n\t\t\t\t\t\t\t\t\t<div class=\"naeep-image\"><img decoding=\"async\" src=\"https:\/\/nicheaddons.com\/demos\/events\/wp-content\/uploads\/2019\/10\/venue8.jpg\" alt=\"The Kahala Hotel &amp; Resort\"><h5><span class=\"top\"><\/span>$ 88.00<span class=\"bottom\"><\/span><\/h5>\r\n\t\t\t\t\t\t\t\t\t\t<div class=\"venue-info-wrap\">\r\n\t\t\t\t\t\t\t\t\t\t\t<div class=\"naeep-rating\"><i class=\"fa fa-star active\" aria-hidden=\"true\"><\/i><i class=\"fa fa-star active\" aria-hidden=\"true\"><\/i><i class=\"fa fa-star active\" aria-hidden=\"true\"><\/i><i class=\"fa fa-star-o\" aria-hidden=\"true\"><\/i><i class=\"fa fa-star-o\" aria-hidden=\"true\"><\/i><\/div><h3 class=\"venue-title\">The Kahala Hotel & Resort<\/h3><h4><i class=\"fas fa-map-marker-alt\" aria-hidden=\"true\"><\/i> 5000 Kahala Avenue, Honolulu<\/h4>\r\n\t\t\t\t\t\t\t\t\t\t<\/div>\r\n\t\t\t\t\t\t\t\t\t<\/div>\r\n\t\t\t\t\t\t\t\t<\/div>\t\t\t\t<\/div>\n\t\t\t\t<\/div>\n\t\t\t\t\t<\/div>\n\t\t<\/div>\n\t\t\t\t\t<\/div>\n\t\t<\/section>\n\t\t\t\t<section class=\"elementor-section elementor-top-section elementor-element elementor-element-029de32 elementor-section-boxed elementor-section-height-default elementor-section-height-default\" data-id=\"029de32\" data-element_type=\"section\">\n\t\t\t\t\t\t<div class=\"elementor-container elementor-column-gap-default\">\n\t\t\t\t\t<div class=\"elementor-column elementor-col-100 elementor-top-column elementor-element elementor-element-9b8625f\" data-id=\"9b8625f\" data-element_type=\"column\">\n\t\t\t<div class=\"elementor-widget-wrap elementor-element-populated\">\n\t\t\t\t\t\t<div class=\"elementor-element elementor-element-c01d74b elementor-widget elementor-widget-heading\" data-id=\"c01d74b\" data-element_type=\"widget\" data-widget_type=\"heading.default\">\n\t\t\t\t<div class=\"elementor-widget-container\">\n\t\t\t\t\t<h2 class=\"elementor-heading-title elementor-size-default\">Style Two<\/h2>\t\t\t\t<\/div>\n\t\t\t\t<\/div>\n\t\t\t\t\t<\/div>\n\t\t<\/div>\n\t\t\t\t\t<\/div>\n\t\t<\/section>\n\t\t\t\t<section class=\"elementor-section elementor-top-section elementor-element elementor-element-81cd7bf elementor-section-boxed elementor-section-height-default elementor-section-height-default\" data-id=\"81cd7bf\" data-element_type=\"section\">\n\t\t\t\t\t\t<div class=\"elementor-container elementor-column-gap-default\">\n\t\t\t\t\t<div class=\"elementor-column elementor-col-100 elementor-top-column elementor-element elementor-element-396de8a\" data-id=\"396de8a\" data-element_type=\"column\">\n\t\t\t<div class=\"elementor-widget-wrap elementor-element-populated\">\n\t\t\t\t\t\t<div class=\"elementor-element elementor-element-1389695 elementor-widget elementor-widget-naevents_unique_accommodation\" data-id=\"1389695\" data-element_type=\"widget\" data-settings=\"{&quot;venue_image&quot;:{&quot;url&quot;:&quot;https:\\\/\\\/nicheaddons.com\\\/demos\\\/events\\\/wp-content\\\/uploads\\\/2019\\\/10\\\/venue4.jpg&quot;,&quot;id&quot;:522,&quot;size&quot;:&quot;&quot;}}\" data-widget_type=\"naevents_unique_accommodation.default\">\n\t\t\t\t<div class=\"elementor-widget-container\">\n\t\t\t\t\t<div class=\"naeep-venue-item\">\r\n\t\t\t\t\t\t\t\t\t<div class=\"col-na-row align-items-center\">\r\n\t\t\t\t\t\t\t\t\t\t<div class=\"col-na-6\"><div class=\"naeep-image\"><img decoding=\"async\" src=\"https:\/\/nicheaddons.com\/demos\/events\/wp-content\/uploads\/2019\/10\/venue4.jpg\" alt=\"Walt Disney World Dolphin\"><\/div><\/div>\r\n\t\t\t\t\t\t\t\t\t\t<div class=\"col-na-6\">\r\n\t\t\t\t\t\t\t\t\t\t\t<div class=\"venue-info-wrap\"><h5>$ 123.00<span>\/ Night<\/span><\/h5><h3 class=\"venue-title\">Walt Disney World Dolphin<\/h3><div class=\"naeep-rating\"><i class=\"fa fa-star active\" aria-hidden=\"true\"><\/i><i class=\"fa fa-star active\" aria-hidden=\"true\"><\/i><i class=\"fa fa-star active\" aria-hidden=\"true\"><\/i><i class=\"fa fa-star-o\" aria-hidden=\"true\"><\/i><i class=\"fa fa-star-o\" aria-hidden=\"true\"><\/i><\/div><p>The Forbes Five-Star Faena Hotel Miami Beach was conceived by Alan Faena and evokes Miami\u2019s golden age of glamour with stunning Art Deco appeal and old-world grandeur. Los Fuegos by Francis Mallmann offers a contemporary take on the Argentine dining experience with an open-fire kitchen.<\/p><div class=\"naeep-link-wrap\"><a href=\"#0\" class=\"naeep-link\"  >Read More<\/a><\/div><\/div>\r\n\t\t\t\t\t\t\t\t\t\t<\/div>\r\n\t\t\t\t\t\t\t\t\t<\/div>\r\n\t\t\t\t\t\t\t\t<\/div>\t\t\t\t<\/div>\n\t\t\t\t<\/div>\n\t\t\t\t\t<\/div>\n\t\t<\/div>\n\t\t\t\t\t<\/div>\n\t\t<\/section>\n\t\t\t\t<section class=\"elementor-section elementor-top-section elementor-element elementor-element-b7e68d6 elementor-section-boxed elementor-section-height-default elementor-section-height-default\" data-id=\"b7e68d6\" data-element_type=\"section\">\n\t\t\t\t\t\t<div class=\"elementor-container elementor-column-gap-default\">\n\t\t\t\t\t<div class=\"elementor-column elementor-col-100 elementor-top-column elementor-element elementor-element-b2aed62\" data-id=\"b2aed62\" data-element_type=\"column\">\n\t\t\t<div class=\"elementor-widget-wrap elementor-element-populated\">\n\t\t\t\t\t\t<div class=\"elementor-element elementor-element-6d725cd elementor-widget elementor-widget-naevents_unique_accommodation\" data-id=\"6d725cd\" data-element_type=\"widget\" data-settings=\"{&quot;venue_image&quot;:{&quot;url&quot;:&quot;https:\\\/\\\/nicheaddons.com\\\/demos\\\/events\\\/wp-content\\\/uploads\\\/2019\\\/10\\\/venue5.jpg&quot;,&quot;id&quot;:523,&quot;size&quot;:&quot;&quot;}}\" data-widget_type=\"naevents_unique_accommodation.default\">\n\t\t\t\t<div class=\"elementor-widget-container\">\n\t\t\t\t\t<div class=\"naeep-venue-item\">\r\n\t\t\t\t\t\t\t\t\t<div class=\"col-na-row align-items-center\">\r\n\t\t\t\t\t\t\t\t\t\t<div class=\"col-na-6 order-2\"><div class=\"naeep-image\"><img decoding=\"async\" src=\"https:\/\/nicheaddons.com\/demos\/events\/wp-content\/uploads\/2019\/10\/venue5.jpg\" alt=\"C Beverly Hills\"><\/div><\/div>\r\n\t\t\t\t\t\t\t\t\t\t<div class=\"col-na-6 order-1\">\r\n\t\t\t\t\t\t\t\t\t\t\t<div class=\"venue-info-wrap\"><h5>$ 145.00<span>\/ Night<\/span><\/h5><h3 class=\"venue-title\">C Beverly Hills<\/h3><div class=\"naeep-rating\"><i class=\"fa fa-star active\" aria-hidden=\"true\"><\/i><i class=\"fa fa-star active\" aria-hidden=\"true\"><\/i><i class=\"fa fa-star active\" aria-hidden=\"true\"><\/i><i class=\"fa fa-star-o\" aria-hidden=\"true\"><\/i><i class=\"fa fa-star-o\" aria-hidden=\"true\"><\/i><\/div><p>An innovative new concept in hospitality developed by Ignazio and Maggio Cipriani, Mr. C Beverly Hills represents a modern version of old-world simplicity and stylish European glamour, providing today\u2019s traveler with a comfortable and elegant experience that blends contemporary amenities with discreet, personalized service<\/p><div class=\"naeep-link-wrap\"><a href=\"#0\" class=\"naeep-link\"  >Read More<\/a><\/div><\/div>\r\n\t\t\t\t\t\t\t\t\t\t<\/div>\r\n\t\t\t\t\t\t\t\t\t<\/div>\r\n\t\t\t\t\t\t\t\t<\/div>\t\t\t\t<\/div>\n\t\t\t\t<\/div>\n\t\t\t\t\t<\/div>\n\t\t<\/div>\n\t\t\t\t\t<\/div>\n\t\t<\/section>\n\t\t\t\t<\/div>\n\t\t","protected":false},"excerpt":{"rendered":"<p>Style One $ 123.00 Faena Hotel Miami 3201 Collins Avenue, Miami Beach, FL 33140 U.S.A. $ 99.00 Sonnenalp Hotel 20 Vail Road, Vail, CO 81657 $ 175.00 H\u00f4tel Plaza Ath\u00e9n\u00e9e&#8230;<\/p>\n","protected":false},"author":1,"featured_media":0,"parent":737,"menu_order":0,"comment_status":"closed","ping_status":"closed","template":"template-page.php","meta":{"footnotes":""},"_links":{"self":[{"href":"https:\/\/nicheaddons.com\/demos\/events\/wp-json\/wp\/v2\/pages\/675"}],"collection":[{"href":"https:\/\/nicheaddons.com\/demos\/events\/wp-json\/wp\/v2\/pages"}],"about":[{"href":"https:\/\/nicheaddons.com\/demos\/events\/wp-json\/wp\/v2\/types\/page"}],"author":[{"embeddable":true,"href":"https:\/\/nicheaddons.com\/demos\/events\/wp-json\/wp\/v2\/users\/1"}],"replies":[{"embeddable":true,"href":"https:\/\/nicheaddons.com\/demos\/events\/wp-json\/wp\/v2\/comments?post=675"}],"version-history":[{"count":4,"href":"https:\/\/nicheaddons.com\/demos\/events\/wp-json\/wp\/v2\/pages\/675\/revisions"}],"predecessor-version":[{"id":1270,"href":"https:\/\/nicheaddons.com\/demos\/events\/wp-json\/wp\/v2\/pages\/675\/revisions\/1270"}],"up":[{"embeddable":true,"href":"https:\/\/nicheaddons.com\/demos\/events\/wp-json\/wp\/v2\/pages\/737"}],"wp:attachment":[{"href":"https:\/\/nicheaddons.com\/demos\/events\/wp-json\/wp\/v2\/media?parent=675"}],"curies":[{"name":"wp","href":"https:\/\/api.w.org\/{rel}","templated":true}]}}